{"id":12390,"date":"2022-10-05T18:01:23","date_gmt":"2022-10-05T16:01:23","guid":{"rendered":"https:\/\/www.upgroup.it\/?page_id=12390"},"modified":"2022-10-10T10:50:53","modified_gmt":"2022-10-10T08:50:53","slug":"jose-levy","status":"publish","type":"page","link":"https:\/\/www.upgroup.it\/en\/jose-levy\/","title":{"rendered":"Jos\u00e9 L\u00e9vy"},"content":{"rendered":"<p>[vc_row css=&#8221;.vc_custom_1529078179809{margin-top: 80px !important;}&#8221;][vc_column]<link href=\"https:\/\/fonts.googleapis.com\/css?family=Open+Sans:300\" rel=\"stylesheet\" property=\"stylesheet\" type=\"text\/css\" media=\"all\">\n<div id=\"rev_slider_135_1_wrapper\" class=\"rev_slider_wrapper fullwidthbanner-container\" data-source=\"gallery\" style=\"margin:0px auto;background:transparent;padding:0px;margin-top:0px;margin-bottom:0px;\">\n<!-- START REVOLUTION SLIDER 5.4.8.1 fullwidth mode -->\n\t<div id=\"rev_slider_135_1\" class=\"rev_slider fullwidthabanner\" style=\"display:none;\" data-version=\"5.4.8.1\">\n<ul>\t<!-- SLIDE  -->\n\t<li data-index=\"rs-156\" data-transition=\"fade\" data-slotamount=\"default\" data-hideafterloop=\"0\" data-hideslideonmobile=\"off\"  data-easein=\"default\" data-easeout=\"default\" data-masterspeed=\"300\"  data-thumb=\"https:\/\/www.upgroup.it\/wp-content\/uploads\/2022\/10\/jose-levy-upgroup-100x50.jpg\"  data-delay=\"3990\"  data-rotate=\"0\"  data-saveperformance=\"off\"  data-title=\"Slide\" data-param1=\"03\" data-param2=\"02\" data-param3=\"\" data-param4=\"\" data-param5=\"\" data-param6=\"\" data-param7=\"\" data-param8=\"\" data-param9=\"\" data-param10=\"\" data-description=\"\">\n\t\t<!-- MAIN IMAGE -->\n\t\t<img loading=\"lazy\" decoding=\"async\" src=\"https:\/\/www.upgroup.it\/wp-content\/uploads\/2022\/10\/jose-levy-upgroup.jpg\"  alt=\"\" title=\"jose-levy-upgroup\"  width=\"1920\" height=\"1000\" data-bgposition=\"center center\" data-kenburns=\"on\" data-duration=\"10000\" data-ease=\"Linear.easeNone\" data-scalestart=\"110\" data-scaleend=\"100\" data-rotatestart=\"0\" data-rotateend=\"0\" data-blurstart=\"0\" data-blurend=\"0\" data-offsetstart=\"0 0\" data-offsetend=\"0 0\" class=\"rev-slidebg\" data-no-retina>\n\t\t<!-- LAYERS -->\n\n\t\t<!-- LAYER NR. 1 -->\n\t\t<div class=\"tp-caption   tp-resizeme\" \n\t\t\t id=\"slide-156-layer-1\" \n\t\t\t data-x=\"center\" data-hoffset=\"0\" \n\t\t\t data-y=\"center\" data-voffset=\"38\" \n\t\t\t\t\t\tdata-width=\"['354','auto','auto','auto']\"\n\t\t\tdata-height=\"['146','auto','auto','auto']\"\n \n\t\t\tdata-type=\"text\" \n\t\t\tdata-responsive_offset=\"on\" \n\n\t\t\tdata-frames='[{\"delay\":10,\"speed\":1000,\"frame\":\"0\",\"from\":\"y:50px;opacity:0;\",\"to\":\"o:1;\",\"ease\":\"Power2.easeInOut\"},{\"delay\":\"wait\",\"speed\":310,\"frame\":\"999\",\"to\":\"opacity:0;\",\"ease\":\"Power2.easeInOut\"}]'\n\t\t\tdata-textAlign=\"['inherit','inherit','inherit','inherit']\"\n\t\t\tdata-paddingtop=\"[0,0,0,0]\"\n\t\t\tdata-paddingright=\"[0,0,0,0]\"\n\t\t\tdata-paddingbottom=\"[0,0,0,0]\"\n\t\t\tdata-paddingleft=\"[0,0,0,0]\"\n\n\t\t\tstyle=\"z-index: 5; min-width: 354px; max-width: 354px; max-width: 146px; max-width: 146px; white-space: nowrap; font-size: 77px; line-height: 100px; font-weight: 300; color: #000000; letter-spacing: 0px;font-family:Open Sans;text-transform:uppercase;\">Jos\u00e9 L\u00e9vy <\/div>\n\t<\/li>\n<\/ul>\n<script>var htmlDiv = document.getElementById(\"rs-plugin-settings-inline-css\"); var htmlDivCss=\"\";\n\t\t\t\t\t\tif(htmlDiv) {\n\t\t\t\t\t\t\thtmlDiv.innerHTML = htmlDiv.innerHTML + htmlDivCss;\n\t\t\t\t\t\t}else{\n\t\t\t\t\t\t\tvar htmlDiv = document.createElement(\"div\");\n\t\t\t\t\t\t\thtmlDiv.innerHTML = \"<style>\" + htmlDivCss + \"<\/style>\";\n\t\t\t\t\t\t\tdocument.getElementsByTagName(\"head\")[0].appendChild(htmlDiv.childNodes[0]);\n\t\t\t\t\t\t}\n\t\t\t\t\t<\/script>\n<div class=\"tp-bannertimer tp-bottom\" style=\"visibility: hidden !important;\"><\/div>\t<\/div>\n<script>var htmlDiv = document.getElementById(\"rs-plugin-settings-inline-css\"); var htmlDivCss=\"\";\n\t\t\t\tif(htmlDiv) {\n\t\t\t\t\thtmlDiv.innerHTML = htmlDiv.innerHTML + htmlDivCss;\n\t\t\t\t}else{\n\t\t\t\t\tvar htmlDiv = document.createElement(\"div\");\n\t\t\t\t\thtmlDiv.innerHTML = \"<style>\" + htmlDivCss + \"<\/style>\";\n\t\t\t\t\tdocument.getElementsByTagName(\"head\")[0].appendChild(htmlDiv.childNodes[0]);\n\t\t\t\t}\n\t\t\t<\/script>\n\t\t<script type=\"text\/javascript\">\nif (setREVStartSize!==undefined) setREVStartSize(\n\t{c: '#rev_slider_135_1', gridwidth: [1920], gridheight: [800], sliderLayout: 'fullwidth'});\n\t\t\t\nvar revapi135,\n\ttpj;\t\n(function() {\t\t\t\n\tif (!\/loaded|interactive|complete\/.test(document.readyState)) document.addEventListener(\"DOMContentLoaded\",onLoad); else onLoad();\t\n\tfunction onLoad() {\t\t\t\t\n\t\tif (tpj===undefined) { tpj = jQuery; if(\"off\" == \"on\") tpj.noConflict();}\n\tif(tpj(\"#rev_slider_135_1\").revolution == undefined){\n\t\trevslider_showDoubleJqueryError(\"#rev_slider_135_1\");\n\t}else{\n\t\trevapi135 = tpj(\"#rev_slider_135_1\").show().revolution({\n\t\t\tsliderType:\"standard\",\n\t\t\tjsFileLocation:\"\/\/www.upgroup.it\/wp-content\/plugins\/revslider\/public\/assets\/js\/\",\n\t\t\tsliderLayout:\"fullwidth\",\n\t\t\tdottedOverlay:\"none\",\n\t\t\tdelay:4000,\n\t\t\tnavigation: {\n\t\t\t\tkeyboardNavigation:\"off\",\n\t\t\t\tkeyboard_direction: \"horizontal\",\n\t\t\t\tmouseScrollNavigation:\"off\",\n \t\t\t\t\t\t\tmouseScrollReverse:\"default\",\n\t\t\t\tonHoverStop:\"off\",\n\t\t\t\tbullets: {\n\t\t\t\t\tenable:true,\n\t\t\t\t\thide_onmobile:false,\n\t\t\t\t\tstyle:\"allston-nav\",\n\t\t\t\t\thide_onleave:false,\n\t\t\t\t\tdirection:\"horizontal\",\n\t\t\t\t\th_align:\"right\",\n\t\t\t\t\tv_align:\"bottom\",\n\t\t\t\t\th_offset:15,\n\t\t\t\t\tv_offset:20,\n\t\t\t\t\tspace:5,\n\t\t\t\t\ttmp:'<span class=\"numb-prev-next\"><span class=\"number-first\">{{param2}}<\/span><span class=\"slash\">\/<\/span><span class=\"number-last\">{{param1}}<\/span><\/span>'\n\t\t\t\t}\n\t\t\t},\n\t\t\tvisibilityLevels:[1240,1024,778,480],\n\t\t\tgridwidth:1920,\n\t\t\tgridheight:800,\n\t\t\tlazyType:\"none\",\n\t\t\tshadow:0,\n\t\t\tspinner:\"off\",\n\t\t\tstopLoop:\"off\",\n\t\t\tstopAfterLoops:-1,\n\t\t\tstopAtSlide:-1,\n\t\t\tshuffle:\"off\",\n\t\t\tautoHeight:\"on\",\n\t\t\tdisableProgressBar:\"on\",\n\t\t\thideThumbsOnMobile:\"off\",\n\t\t\thideSliderAtLimit:0,\n\t\t\thideCaptionAtLimit:0,\n\t\t\thideAllCaptionAtLilmit:0,\n\t\t\tdebugMode:false,\n\t\t\tfallbacks: {\n\t\t\t\tsimplifyAll:\"off\",\n\t\t\t\tnextSlideOnWindowFocus:\"off\",\n\t\t\t\tdisableFocusListener:false,\n\t\t\t}\n\t\t});\n\t}; \/* END OF revapi call *\/\n\t\n }; \/* END OF ON LOAD FUNCTION *\/\n}()); \/* END OF WRAPPING FUNCTION *\/\n<\/script>\n\t\t<script>\n\t\t\t\t\tvar htmlDivCss = unescape(\"%23rev_slider_135_1%20.allston-nav.tp-bullets%20%7B%0A%20%20right%3A%20-145px%3B%0A%20%20left%3A%20auto%20%21important%3B%0A%20%20top%3Aauto%20%21important%3B%0A%20%20bottom%3A70px%3B%0A%7D%0A%23rev_slider_135_1%20.allston-nav.tp-bullets%3Abefore%20%7B%0A%09content%3A%22%20%22%3B%0A%09position%3Aabsolute%3B%0A%09width%3A100%25%3B%0A%09height%3A100%25%3B%0A%09background%3Atransparent%3B%0A%09padding%3A10px%3B%0A%09margin-left%3A-10px%3B%0A%20%20%20%20margin-top%3A-10px%3B%0A%09box-sizing%3Acontent-box%3B%0A%20%0A%7D%0A%23rev_slider_135_1%20.allston-nav%20.tp-bullet%20%7B%0A%09width%3A20px%3B%0A%09height%3A20px%3B%0A%09position%3Aabsolute%3B%0A%09background%3A%20transparent%3B%0A%09cursor%3A%20pointer%3B%0A%09box-sizing%3Acontent-box%3B%0A%20%20%20%20visibility%3Ahidden%3B%0A%20%20%20%20left%3A0%20%21important%3B%0A%7D%0A%0A%23rev_slider_135_1%20.allston-nav%20.tp-bullet.selected%20%7B%0A%20%20%20left%3A0%20%21important%3B%0A%7D%0A%0A%0A%23rev_slider_135_1%20.allston-nav%20.tp-bullet%20.numb-prev-next%20%7B%0A%20%20%20%20visibility%3Avisible%3B%0A%20%20%20%20color%3A%23fff%3B%0A%20%20%20%20font-size%3A16px%3B%0A%20%20%20%20letter-spacing%3A%200.06em%3B%0A%20%20%20%20font-weight%3A400%3B%0A%20%20%20%20font-family%3A%20%22Open%20Sans%22%2Csans-serif%3B%0A%20%20%20%20display%3A%20block%3B%0A%20%20%20%20visibility%3Ahidden%3B%0A%20%20%20%20text-align%3Acenter%3B%0A%20%20%20%20width%3A%20105%25%3B%0A%7D%0A%23rev_slider_135_1%20.allston-nav%20.tp-bullet%20.numb-prev-next%20span%20%7B%0A%20%20transform%3Arotate%2890deg%29%3B%0A%20%20-webkit-transform%3Arotate%2890deg%29%3B%0A%20%20-moz-transform%3Arotate%2890deg%29%3B%0A%20%20display%3Ablock%3B%0A%7D%0A%23rev_slider_135_1%20.allston-nav%20.tp-bullet%20.numb-prev-next%20span.number-first%20%7B%0A%09margin-bottom%3A%20-9px%3B%0A%7D%0A%23rev_slider_135_1%20.allston-nav%20.tp-bullet%20.numb-prev-next%20span.number-last%20%7B%0A%09margin-top%3A%20-7px%3B%0A%7D%0A%23rev_slider_135_1%20.allston-nav%20.tp-bullet.selected%20.numb-prev-next%20%7B%0A%20%20%20visibility%3Avisible%3B%0A%7D%0A\");\n\t\t\t\t\tvar htmlDiv = document.getElementById('rs-plugin-settings-inline-css');\n\t\t\t\t\tif(htmlDiv) {\n\t\t\t\t\t\thtmlDiv.innerHTML = htmlDiv.innerHTML + htmlDivCss;\n\t\t\t\t\t}\n\t\t\t\t\telse{\n\t\t\t\t\t\tvar htmlDiv = document.createElement('div');\n\t\t\t\t\t\thtmlDiv.innerHTML = '<style>' + htmlDivCss + '<\/style>';\n\t\t\t\t\t\tdocument.getElementsByTagName('head')[0].appendChild(htmlDiv.childNodes[0]);\n\t\t\t\t\t}\n\t\t\t\t  <\/script>\n\t\t\t\t<\/div><!-- END REVOLUTION SLIDER -->[\/vc_column][\/vc_row][vc_row row_content_width=&#8221;grid&#8221;][vc_column][vc_empty_space height=&#8221;50&#8243;][vc_column_text]<strong>Jos\u00e9 L\u00e9vy<\/strong> is a Parisian artist and a traveler who navigates with talent and whimsical poetry between <strong>fashion, decorative arts, design and museum installations<\/strong>. His fields of action are diverse. Faithful to the human spirit and being as a starting point, it remains the driving force behind all his projects. Provider of singular and intimate objects, Jos\u00e9 L\u00e9vy weaves links between his creations and their beneficiaries. Re-creating memories, one\u2019s own or borrowed, Jos\u00e9 L\u00e9vy infuses his work with a unique sense of rigor and imagination. Recipient of the Villa Kujoyama, Grand Prix of the City of Paris and Knight of Arts and Letters, he designs for an audience keen on of both stories of the past and new horizons. Jos\u00e9 Levy collaborates with renowned publishers and galleries of art and design: Herm\u00e8s, Perrotin, Carpenters Workshop Gallery, Cristalleries Saint-Louis, Diptyque, Astier de Villatte, Manufacture de S\u00e9vres&#8230;<\/p>\n<p>He has been part of numerous solo shows around the world : at Mus\u00e9e Guimet and Mus\u00e9e de la Chasse in Paris. He has also collaborated with the Petit Palais, Palais de Tokyo, and Villa Kujoyama in Kyoto.[\/vc_column_text][\/vc_column][\/vc_row][vc_row row_content_width=&#8221;grid&#8221;][vc_column][vc_empty_space height=&#8221;50&#8243;]<div class=\"eltdf-portfolio-list-holder eltdf-pl-gallery eltdf-huge-space eltdf-pl-three-columns eltdf-pl-hover-overlay    eltdf-pl-pag-no-pagination       eltdf-info-skin-dark eltdf-info-position-middle\"  data-type=gallery data-space-between-items=huge data-number-of-items=-1 data-image-proportions=full data-enable-fixed-proportions=no data-enable-image-shadow=no data-category=jose-levy-en data-orderby=date data-order=ASC data-item-style=hover-overlay data-enable-title=yes data-title-tag=h3 data-enable-category=yes data-enable-count-images=no data-info-skin=dark data-info-position=middle data-pagination-type=no-pagination data-filter=no data-filter-order-by=name data-enable-article-animation=no data-portfolio-slider-on=no data-enable-loop=yes data-enable-autoplay=yes data-slider-speed=5000 data-slider-speed-animation=600 data-enable-navigation=yes data-enable-pagination=yes data-max-num-pages=0 data-next-page=2>\n\t\t<div class=\"eltdf-pl-inner eltdf-outer-space  clearfix\">\n\t\t\t\t<article class=\"eltdf-pl-item eltdf-item-space  post-7996 portfolio-item type-portfolio-item status-publish has-post-thumbnail hentry portfolio-category-bathroom-furniture portfolio-category-jose-levy-en portfolio-category-washbasins\">\n\t<div class=\"eltdf-pl-item-inner\">\n\t\t<div class=\"eltdf-pli-image\">\n\t<img loading=\"lazy\" decoding=\"async\" width=\"600\" height=\"460\" src=\"https:\/\/www.upgroup.it\/wp-content\/uploads\/2018\/06\/jose-levy-upgroup-junglewash01.jpg\" class=\"attachment-full size-full wp-post-image\" alt=\"\" srcset=\"https:\/\/www.upgroup.it\/wp-content\/uploads\/2018\/06\/jose-levy-upgroup-junglewash01.jpg 600w, https:\/\/www.upgroup.it\/wp-content\/uploads\/2018\/06\/jose-levy-upgroup-junglewash01-300x230.jpg 300w\" sizes=\"auto, (max-width: 600px) 100vw, 600px\" \/><\/div>\n<div class=\"eltdf-pli-text-holder\" >\n\t<div class=\"eltdf-pli-text-wrapper\">\n\t\t<div class=\"eltdf-pli-text\">\n\t\t\t\t<h3 itemprop=\"name\" class=\"eltdf-pli-title entry-title\" >\n\t\tJUNGLE WASH\t<\/h3>\n\n\t\t\t\t\t<div class=\"eltdf-pli-category-holder\">\n\t\t\t\t\t\t\t<a itemprop=\"url\" class=\"eltdf-pli-category\" href=\"https:\/\/www.upgroup.it\/en\/design-collection-category\/bathroom-furniture\/\">Bathroom Furniture<\/a>\n\t\t\t\t\t\t\t<a itemprop=\"url\" class=\"eltdf-pli-category\" href=\"https:\/\/www.upgroup.it\/en\/design-collection-category\/jose-levy-en\/\">Jos\u00e9 L\u00e9vy<\/a>\n\t\t\t\t\t\t\t<a itemprop=\"url\" class=\"eltdf-pli-category\" href=\"https:\/\/www.upgroup.it\/en\/design-collection-category\/washbasins\/\">Washbasins<\/a>\n\t\t\t\t\t<\/div>\n\t\n\t\t\t\t\t<\/div>\n\t<\/div>\n<\/div>\n\t\t<a itemprop=\"url\" class=\"eltdf-pli-link eltdf-block-drag-link\" href=\"https:\/\/www.upgroup.it\/en\/design-collection\/jungle-wash-marble-washbasin\/\" target=\"_self\"><\/a>\n\t<\/div>\n<\/article><article class=\"eltdf-pl-item eltdf-item-space  post-12403 portfolio-item type-portfolio-item status-publish has-post-thumbnail hentry portfolio-category-furnishing-accessories-marble portfolio-category-furniture portfolio-category-jose-levy-en portfolio-category-objects-and-household-items\">\n\t<div class=\"eltdf-pl-item-inner\">\n\t\t<div class=\"eltdf-pli-image\">\n\t<img loading=\"lazy\" decoding=\"async\" width=\"600\" height=\"460\" src=\"https:\/\/www.upgroup.it\/wp-content\/uploads\/2022\/10\/yama-tana-jose-levy-upgroup.jpg\" class=\"attachment-full size-full wp-post-image\" alt=\"\" srcset=\"https:\/\/www.upgroup.it\/wp-content\/uploads\/2022\/10\/yama-tana-jose-levy-upgroup.jpg 600w, https:\/\/www.upgroup.it\/wp-content\/uploads\/2022\/10\/yama-tana-jose-levy-upgroup-300x230.jpg 300w\" sizes=\"auto, (max-width: 600px) 100vw, 600px\" \/><\/div>\n<div class=\"eltdf-pli-text-holder\" >\n\t<div class=\"eltdf-pli-text-wrapper\">\n\t\t<div class=\"eltdf-pli-text\">\n\t\t\t\t<h3 itemprop=\"name\" class=\"eltdf-pli-title entry-title\" >\n\t\tYama Tana\t<\/h3>\n\n\t\t\t\t\t<div class=\"eltdf-pli-category-holder\">\n\t\t\t\t\t\t\t<a itemprop=\"url\" class=\"eltdf-pli-category\" href=\"https:\/\/www.upgroup.it\/en\/design-collection-category\/furnishing-accessories-marble\/\">Furnishing Accessories<\/a>\n\t\t\t\t\t\t\t<a itemprop=\"url\" class=\"eltdf-pli-category\" href=\"https:\/\/www.upgroup.it\/en\/design-collection-category\/furniture\/\">Furniture<\/a>\n\t\t\t\t\t\t\t<a itemprop=\"url\" class=\"eltdf-pli-category\" href=\"https:\/\/www.upgroup.it\/en\/design-collection-category\/jose-levy-en\/\">Jos\u00e9 L\u00e9vy<\/a>\n\t\t\t\t\t\t\t<a itemprop=\"url\" class=\"eltdf-pli-category\" href=\"https:\/\/www.upgroup.it\/en\/design-collection-category\/objects-and-household-items\/\">Objects and Household Items<\/a>\n\t\t\t\t\t<\/div>\n\t\n\t\t\t\t\t<\/div>\n\t<\/div>\n<\/div>\n\t\t<a itemprop=\"url\" class=\"eltdf-pli-link eltdf-block-drag-link\" href=\"https:\/\/www.upgroup.it\/en\/design-collection\/yama-tana\/\" target=\"_self\"><\/a>\n\t<\/div>\n<\/article>\t\t\t<\/div>\n\t\n\t<\/div>[vc_empty_space height=&#8221;150&#8243;][\/vc_column][\/vc_row]<\/p>\n","protected":false},"excerpt":{"rendered":"<p>[vc_row css=&#8221;.vc_custom_1529078179809{margin-top: 80px !important;}&#8221;][vc_column][\/vc_column][\/vc_row][vc_row row_content_width=&#8221;grid&#8221;][vc_column][vc_empty_space height=&#8221;50&#8243;][vc_column_text]Jos\u00e9 L\u00e9vy is a Parisian artist and a traveler who navigates with talent and whimsical poetry between fashion, decorative arts, design and museum installations. His fields of action are diverse. Faithful to the human spirit [&hellip;]<\/p>\n","protected":false},"author":7,"featured_media":0,"parent":0,"menu_order":0,"comment_status":"closed","ping_status":"closed","template":"full-width.php","meta":{"footnotes":""},"class_list":["post-12390","page","type-page","status-publish","hentry"],"_links":{"self":[{"href":"https:\/\/www.upgroup.it\/en\/wp-json\/wp\/v2\/pages\/12390","targetHints":{"allow":["GET"]}}],"collection":[{"href":"https:\/\/www.upgroup.it\/en\/wp-json\/wp\/v2\/pages"}],"about":[{"href":"https:\/\/www.upgroup.it\/en\/wp-json\/wp\/v2\/types\/page"}],"author":[{"embeddable":true,"href":"https:\/\/www.upgroup.it\/en\/wp-json\/wp\/v2\/users\/7"}],"replies":[{"embeddable":true,"href":"https:\/\/www.upgroup.it\/en\/wp-json\/wp\/v2\/comments?post=12390"}],"version-history":[{"count":9,"href":"https:\/\/www.upgroup.it\/en\/wp-json\/wp\/v2\/pages\/12390\/revisions"}],"predecessor-version":[{"id":12457,"href":"https:\/\/www.upgroup.it\/en\/wp-json\/wp\/v2\/pages\/12390\/revisions\/12457"}],"wp:attachment":[{"href":"https:\/\/www.upgroup.it\/en\/wp-json\/wp\/v2\/media?parent=12390"}],"curies":[{"name":"wp","href":"https:\/\/api.w.org\/{rel}","templated":true}]}}