{"id":8428,"date":"2018-10-11T12:22:44","date_gmt":"2018-10-11T10:22:44","guid":{"rendered":"http:\/\/upgroup.it\/?page_id=8428"},"modified":"2022-05-02T18:07:11","modified_gmt":"2022-05-02T16:07:11","slug":"ettore-sottsass","status":"publish","type":"page","link":"https:\/\/www.upgroup.it\/en\/ettore-sottsass\/","title":{"rendered":"Ettore Sottsass"},"content":{"rendered":"<p>[vc_row css=&#8221;.vc_custom_1529078881910{margin-top: 90px !important;}&#8221;][vc_column]<link href=\"https:\/\/fonts.googleapis.com\/css?family=Open+Sans:300\" rel=\"stylesheet\" property=\"stylesheet\" type=\"text\/css\" media=\"all\">\n<div id=\"rev_slider_22_1_wrapper\" class=\"rev_slider_wrapper fullwidthbanner-container\" data-source=\"gallery\" style=\"margin:0px auto;background:transparent;padding:0px;margin-top:0px;margin-bottom:0px;\">\n<!-- START REVOLUTION SLIDER 5.4.8.1 fullwidth mode -->\n\t<div id=\"rev_slider_22_1\" class=\"rev_slider fullwidthabanner\" style=\"display:none;\" data-version=\"5.4.8.1\">\n<ul>\t<!-- SLIDE  -->\n\t<li data-index=\"rs-36\" data-transition=\"fade\" data-slotamount=\"default\" data-hideafterloop=\"0\" data-hideslideonmobile=\"off\"  data-easein=\"default\" data-easeout=\"default\" data-masterspeed=\"300\"  data-thumb=\"https:\/\/www.upgroup.it\/wp-content\/uploads\/2018\/06\/ettore-sottsass-100x50.jpg\"  data-delay=\"3990\"  data-rotate=\"0\"  data-saveperformance=\"off\"  data-title=\"Slide\" data-param1=\"03\" data-param2=\"02\" data-param3=\"\" data-param4=\"\" data-param5=\"\" data-param6=\"\" data-param7=\"\" data-param8=\"\" data-param9=\"\" data-param10=\"\" data-description=\"\">\n\t\t<!-- MAIN IMAGE -->\n\t\t<img loading=\"lazy\" decoding=\"async\" src=\"https:\/\/www.upgroup.it\/wp-content\/uploads\/2018\/06\/ettore-sottsass.jpg\"  alt=\"\" title=\"ettore-sottsass\"  width=\"1920\" height=\"1000\" data-bgposition=\"center center\" data-kenburns=\"on\" data-duration=\"10000\" data-ease=\"Linear.easeNone\" data-scalestart=\"110\" data-scaleend=\"100\" data-rotatestart=\"0\" data-rotateend=\"0\" data-blurstart=\"0\" data-blurend=\"0\" data-offsetstart=\"0 0\" data-offsetend=\"0 0\" class=\"rev-slidebg\" data-no-retina>\n\t\t<!-- LAYERS -->\n\n\t\t<!-- LAYER NR. 1 -->\n\t\t<div class=\"tp-caption   tp-resizeme\" \n\t\t\t id=\"slide-36-layer-1\" \n\t\t\t data-x=\"center\" data-hoffset=\"-310\" \n\t\t\t data-y=\"center\" data-voffset=\"30\" \n\t\t\t\t\t\tdata-width=\"['auto','auto','auto','auto']\"\n\t\t\tdata-height=\"['auto','auto','auto','auto']\"\n \n\t\t\tdata-type=\"text\" \n\t\t\tdata-responsive_offset=\"on\" \n\n\t\t\tdata-frames='[{\"delay\":10,\"speed\":1000,\"frame\":\"0\",\"from\":\"y:50px;opacity:0;\",\"to\":\"o:1;\",\"ease\":\"Power2.easeInOut\"},{\"delay\":\"wait\",\"speed\":300,\"frame\":\"999\",\"to\":\"opacity:0;\",\"ease\":\"Power2.easeInOut\"}]'\n\t\t\tdata-textAlign=\"['inherit','inherit','inherit','inherit']\"\n\t\t\tdata-paddingtop=\"[0,0,0,0]\"\n\t\t\tdata-paddingright=\"[0,0,0,0]\"\n\t\t\tdata-paddingbottom=\"[0,0,0,0]\"\n\t\t\tdata-paddingleft=\"[0,0,0,0]\"\n\n\t\t\tstyle=\"z-index: 5; white-space: nowrap; font-size: 90px; line-height: 100px; font-weight: 300; color: #020202; letter-spacing: 0px;font-family:Open Sans;text-transform:uppercase;\">ettore sottsass <\/div>\n\t<\/li>\n<\/ul>\n<script>var htmlDiv = document.getElementById(\"rs-plugin-settings-inline-css\"); var htmlDivCss=\"\";\n\t\t\t\t\t\tif(htmlDiv) {\n\t\t\t\t\t\t\thtmlDiv.innerHTML = htmlDiv.innerHTML + htmlDivCss;\n\t\t\t\t\t\t}else{\n\t\t\t\t\t\t\tvar htmlDiv = document.createElement(\"div\");\n\t\t\t\t\t\t\thtmlDiv.innerHTML = \"<style>\" + htmlDivCss + \"<\/style>\";\n\t\t\t\t\t\t\tdocument.getElementsByTagName(\"head\")[0].appendChild(htmlDiv.childNodes[0]);\n\t\t\t\t\t\t}\n\t\t\t\t\t<\/script>\n<div class=\"tp-bannertimer tp-bottom\" style=\"visibility: hidden !important;\"><\/div>\t<\/div>\n<script>var htmlDiv = document.getElementById(\"rs-plugin-settings-inline-css\"); var htmlDivCss=\"\";\n\t\t\t\tif(htmlDiv) {\n\t\t\t\t\thtmlDiv.innerHTML = htmlDiv.innerHTML + htmlDivCss;\n\t\t\t\t}else{\n\t\t\t\t\tvar htmlDiv = document.createElement(\"div\");\n\t\t\t\t\thtmlDiv.innerHTML = \"<style>\" + htmlDivCss + \"<\/style>\";\n\t\t\t\t\tdocument.getElementsByTagName(\"head\")[0].appendChild(htmlDiv.childNodes[0]);\n\t\t\t\t}\n\t\t\t<\/script>\n\t\t<script type=\"text\/javascript\">\nif (setREVStartSize!==undefined) setREVStartSize(\n\t{c: '#rev_slider_22_1', gridwidth: [1920], gridheight: [800], sliderLayout: 'fullwidth'});\n\t\t\t\nvar revapi22,\n\ttpj;\t\n(function() {\t\t\t\n\tif (!\/loaded|interactive|complete\/.test(document.readyState)) document.addEventListener(\"DOMContentLoaded\",onLoad); else onLoad();\t\n\tfunction onLoad() {\t\t\t\t\n\t\tif (tpj===undefined) { tpj = jQuery; if(\"off\" == \"on\") tpj.noConflict();}\n\tif(tpj(\"#rev_slider_22_1\").revolution == undefined){\n\t\trevslider_showDoubleJqueryError(\"#rev_slider_22_1\");\n\t}else{\n\t\trevapi22 = tpj(\"#rev_slider_22_1\").show().revolution({\n\t\t\tsliderType:\"standard\",\n\t\t\tjsFileLocation:\"\/\/www.upgroup.it\/wp-content\/plugins\/revslider\/public\/assets\/js\/\",\n\t\t\tsliderLayout:\"fullwidth\",\n\t\t\tdottedOverlay:\"none\",\n\t\t\tdelay:4000,\n\t\t\tnavigation: {\n\t\t\t\tkeyboardNavigation:\"off\",\n\t\t\t\tkeyboard_direction: \"horizontal\",\n\t\t\t\tmouseScrollNavigation:\"off\",\n \t\t\t\t\t\t\tmouseScrollReverse:\"default\",\n\t\t\t\tonHoverStop:\"off\",\n\t\t\t\tbullets: {\n\t\t\t\t\tenable:true,\n\t\t\t\t\thide_onmobile:false,\n\t\t\t\t\tstyle:\"allston-nav\",\n\t\t\t\t\thide_onleave:false,\n\t\t\t\t\tdirection:\"horizontal\",\n\t\t\t\t\th_align:\"right\",\n\t\t\t\t\tv_align:\"bottom\",\n\t\t\t\t\th_offset:15,\n\t\t\t\t\tv_offset:20,\n\t\t\t\t\tspace:5,\n\t\t\t\t\ttmp:'<span class=\"numb-prev-next\"><span class=\"number-first\">{{param2}}<\/span><span class=\"slash\">\/<\/span><span class=\"number-last\">{{param1}}<\/span><\/span>'\n\t\t\t\t}\n\t\t\t},\n\t\t\tvisibilityLevels:[1240,1024,778,480],\n\t\t\tgridwidth:1920,\n\t\t\tgridheight:800,\n\t\t\tlazyType:\"none\",\n\t\t\tshadow:0,\n\t\t\tspinner:\"off\",\n\t\t\tstopLoop:\"off\",\n\t\t\tstopAfterLoops:-1,\n\t\t\tstopAtSlide:-1,\n\t\t\tshuffle:\"off\",\n\t\t\tautoHeight:\"on\",\n\t\t\tdisableProgressBar:\"on\",\n\t\t\thideThumbsOnMobile:\"off\",\n\t\t\thideSliderAtLimit:0,\n\t\t\thideCaptionAtLimit:0,\n\t\t\thideAllCaptionAtLilmit:0,\n\t\t\tdebugMode:false,\n\t\t\tfallbacks: {\n\t\t\t\tsimplifyAll:\"off\",\n\t\t\t\tnextSlideOnWindowFocus:\"off\",\n\t\t\t\tdisableFocusListener:false,\n\t\t\t}\n\t\t});\n\t}; \/* END OF revapi call *\/\n\t\n }; \/* END OF ON LOAD FUNCTION *\/\n}()); \/* END OF WRAPPING FUNCTION *\/\n<\/script>\n\t\t<script>\n\t\t\t\t\tvar htmlDivCss = unescape(\"%23rev_slider_22_1%20.allston-nav.tp-bullets%20%7B%0A%20%20right%3A%20-145px%3B%0A%20%20left%3A%20auto%20%21important%3B%0A%20%20top%3Aauto%20%21important%3B%0A%20%20bottom%3A70px%3B%0A%7D%0A%23rev_slider_22_1%20.allston-nav.tp-bullets%3Abefore%20%7B%0A%09content%3A%22%20%22%3B%0A%09position%3Aabsolute%3B%0A%09width%3A100%25%3B%0A%09height%3A100%25%3B%0A%09background%3Atransparent%3B%0A%09padding%3A10px%3B%0A%09margin-left%3A-10px%3B%0A%20%20%20%20margin-top%3A-10px%3B%0A%09box-sizing%3Acontent-box%3B%0A%20%0A%7D%0A%23rev_slider_22_1%20.allston-nav%20.tp-bullet%20%7B%0A%09width%3A20px%3B%0A%09height%3A20px%3B%0A%09position%3Aabsolute%3B%0A%09background%3A%20transparent%3B%0A%09cursor%3A%20pointer%3B%0A%09box-sizing%3Acontent-box%3B%0A%20%20%20%20visibility%3Ahidden%3B%0A%20%20%20%20left%3A0%20%21important%3B%0A%7D%0A%0A%23rev_slider_22_1%20.allston-nav%20.tp-bullet.selected%20%7B%0A%20%20%20left%3A0%20%21important%3B%0A%7D%0A%0A%0A%23rev_slider_22_1%20.allston-nav%20.tp-bullet%20.numb-prev-next%20%7B%0A%20%20%20%20visibility%3Avisible%3B%0A%20%20%20%20color%3A%23fff%3B%0A%20%20%20%20font-size%3A16px%3B%0A%20%20%20%20letter-spacing%3A%200.06em%3B%0A%20%20%20%20font-weight%3A400%3B%0A%20%20%20%20font-family%3A%20%22Open%20Sans%22%2Csans-serif%3B%0A%20%20%20%20display%3A%20block%3B%0A%20%20%20%20visibility%3Ahidden%3B%0A%20%20%20%20text-align%3Acenter%3B%0A%20%20%20%20width%3A%20105%25%3B%0A%7D%0A%23rev_slider_22_1%20.allston-nav%20.tp-bullet%20.numb-prev-next%20span%20%7B%0A%20%20transform%3Arotate%2890deg%29%3B%0A%20%20-webkit-transform%3Arotate%2890deg%29%3B%0A%20%20-moz-transform%3Arotate%2890deg%29%3B%0A%20%20display%3Ablock%3B%0A%7D%0A%23rev_slider_22_1%20.allston-nav%20.tp-bullet%20.numb-prev-next%20span.number-first%20%7B%0A%09margin-bottom%3A%20-9px%3B%0A%7D%0A%23rev_slider_22_1%20.allston-nav%20.tp-bullet%20.numb-prev-next%20span.number-last%20%7B%0A%09margin-top%3A%20-7px%3B%0A%7D%0A%23rev_slider_22_1%20.allston-nav%20.tp-bullet.selected%20.numb-prev-next%20%7B%0A%20%20%20visibility%3Avisible%3B%0A%7D%0A\");\n\t\t\t\t\tvar htmlDiv = document.getElementById('rs-plugin-settings-inline-css');\n\t\t\t\t\tif(htmlDiv) {\n\t\t\t\t\t\thtmlDiv.innerHTML = htmlDiv.innerHTML + htmlDivCss;\n\t\t\t\t\t}\n\t\t\t\t\telse{\n\t\t\t\t\t\tvar htmlDiv = document.createElement('div');\n\t\t\t\t\t\thtmlDiv.innerHTML = '<style>' + htmlDivCss + '<\/style>';\n\t\t\t\t\t\tdocument.getElementsByTagName('head')[0].appendChild(htmlDiv.childNodes[0]);\n\t\t\t\t\t}\n\t\t\t\t  <\/script>\n\t\t\t\t<\/div><!-- END REVOLUTION SLIDER -->[\/vc_column][\/vc_row][vc_row row_content_width=&#8221;grid&#8221;][vc_column][vc_empty_space height=&#8221;150&#8243;][vc_column_text]&#8221;I get angry when they tell me I&#8217;m an artist; what i really mean is that, I do not get angry but I&#8217;m basically an architect. \u00bb (Masters of design, Bruno Mondadori, 2005). Son of the architect Ettore Sottsass Senior and Austrian mother Antonia Peintner, he studied first at the scientific high school Galileo Ferraris and than architecture at the Polytechnic of Turin, he finally graduated in 1939. He than served\u00a0 in Montenegro where he remained interned for 6 years in a prison camp. Back in Italy, he began his activity in Milan in 1947 where he worked with his father and then opened his first design studio. He collaborates in this first period with Giuseppe Pagano. In 1948 he joined the MAC group (Movement of Concrete Art) and took part in the first collective show in Milan. In the same year in Rome he promoted the exhibition dedicated to italian abstract art. In 1957 he became art director of Poltronova, the Agliana company, wanted by the entrepreneur Sergio Cammilli. XII Triennale di Milano, interior design by Sottsass project. In 1958 he began his collaboration with Olivetti, in the computer design sector, alongside Marcello Nizzoli, who will take his place after his retirement. This activity will last around 30 years and will lead to the affirmation of a new style for office products of the Ivrea company. Among the objects designed by Sottsass we can mention the calculators Elea 9003, Summa-19, Divisumma 26 and Logos 27 (1963), the typewriters Praxis 48 (1964) and Valentine (with Perry King) and the Synthesis office system ( 1973). The most important project was the mainframe computer Elea 9003 (1959), thanks to which he won the Compasso d&#8217;Oro in 1959. In advance of the years of the protest, Sottsass proposes design as an instrument of social criticism opening the great Radicals\u00a0 season ( 1966-1972). In 1972 he exhibited at \u201cThe New Domestic Landscape\u201d by Emilio Ambasz, Italy, at the MoMA in New York. Meanwhile, he held a lecture tour for England and, in 1976, received an honorary degree at the Royal College of Art in London. In 1979 he took part with the Alchimi group at the Design Forum in Linz presenting \u201cSeggiolina da pranzo\u201d, the floor lamp \u201cSvincolo\u201d and the table \u201cThe structures tremble\u201d. In 1980, together with Aldo Cibic, Matteo Thun, Marco Zanini and Marco Marabelli, he founded the Ettore Sottsass Associati studio. In 1981 he founded the Memphis group, together with Hans Hollein, Arata Isozaki, Andrea Branzi, Michele de Lucchi and other international architects. Artist of many interests, son of art, he contaminates his academic training as an architect with direct experiences in the field of visual arts, knowing various artists and making friends, for example with Luigi Spazzapan.<\/p>\n<p>Over the years of his important career, he has made use of the precious collaboration of professional friends who have often become internationally known names in the world of design and architecture, such as James Irvine. In 1985 he created the condominium building in viale Roma in Marina di Massa, a project that stands out for the quality of the implemented architectural solutions. In 1988 he created Terrazzo, a magazine he conceived and created together with Barbara Radice, Christoph Radl, Anna Wagner and Santi Caleca. Terrazzo features design and architecture, its publishing stops\u00a0 in 1996 with the thirteenth and last issue. Numerous personal exhibitions have been dedicated to him: the major exhibitions in 1976, the Cooper Hewitt in New York and the International Design Zentrum in Berlin, the Center Georges Pompidou in Paris in 1994 and 2003, and Design Gallery Milano in 1988 , 1993 and 1995, of the Luigi Pecci Center for Contemporary Art in Prato in 1999, the Suntory Museum in Osaka in 2000, the Museum of Decorative Arts in Cologne in 2004 and the MART in Rovereto in 2005 edited by Milco Carboni. His works are keept in collections of prestigious museums such as the Center Georges Pompidou and the Mus\u00e9e des Arts Decoratifs in Paris, the Victoria &amp; Albert Museum in London, the Stedelik Museum in Amsterdam, the Museum of Modern Art and the Metropolitan Museum in New York, the Mus\u00e9e des Arts D\u00e9coratifs in Montr\u00e9al, the Israel Museum in Jerusalem and the National Museum in Stockholm.<\/p>\n<p>From 2005 to 2007, the year of his death, he devoted himself to art criticism. In 2003 he collaborates with Pedretti Graniti (http:\/\/www.pedrettigraniti.it\/) a unique Trentino company that produces Tonalite. period during which he designs a unique fountain in that equally unique material the company produces. Today the Center for Studies and comunication Archive of Parma keeps a archive dedicated to Sottsass, comprising 13,858 project materials (9,918 sketches and drawings, 3,940 drawings, including glossy 2917 and 1023 blueprints), 5 boxes of drawings, 24 sculptures . This archive is public and freely consultable. The first batch of Sottsass\u2019s works that make up the Ettore Sottsass Jr fund was donated to the CSAC collections by public deed in 1979, a second donation came to the archive in 2005 and it is still under definition. Sottsass died on December 31, 2007 at the age of ninety in his home in Milan by heart failure occurred during an influenza.<\/p>\n<p>&nbsp;<\/p>\n<p>Photo credits @ Mario Ermoli[\/vc_column_text][vc_empty_space height=&#8221;150&#8243;][\/vc_column][\/vc_row][vc_row row_content_width=&#8221;grid&#8221;][vc_column]<div class=\"eltdf-portfolio-list-holder eltdf-pl-gallery eltdf-no-space eltdf-pl-four-columns eltdf-pl-hover-overlay    eltdf-pl-pag-no-pagination       eltdf-info-skin-dark eltdf-info-position-middle\"  data-type=gallery data-number-of-columns=4 data-space-between-items=no data-number-of-items=-1 data-image-proportions=full data-enable-fixed-proportions=no data-enable-image-shadow=no data-category=ettore-sottsass data-orderby=date data-order=ASC data-item-style=hover-overlay data-enable-title=yes data-title-tag=h3 data-title-text-transform=uppercase data-enable-category=yes data-enable-count-images=no data-info-skin=dark data-info-position=middle data-pagination-type=no-pagination data-filter=no data-filter-order-by=name data-enable-article-animation=no data-portfolio-slider-on=no data-enable-loop=yes data-enable-autoplay=yes data-slider-speed=5000 data-slider-speed-animation=600 data-enable-navigation=yes data-enable-pagination=yes data-max-num-pages=0 data-next-page=2>\n\t\t<div class=\"eltdf-pl-inner eltdf-outer-space  clearfix\">\n\t\t\t\t<article class=\"eltdf-pl-item eltdf-item-space  post-7713 portfolio-item type-portfolio-item status-publish has-post-thumbnail hentry portfolio-category-console portfolio-category-ettore-sottsass-designer portfolio-category-furniture\">\n\t<div class=\"eltdf-pl-item-inner\">\n\t\t<div class=\"eltdf-pli-image\">\n\t<img loading=\"lazy\" decoding=\"async\" width=\"600\" height=\"460\" src=\"https:\/\/www.upgroup.it\/wp-content\/uploads\/2018\/10\/Consolle_Demistella_art-157-Ettore-Sottsass.jpg\" class=\"attachment-full size-full wp-post-image\" alt=\"Consolle_Demistella_art-157-Ettore-Sottsass\" srcset=\"https:\/\/www.upgroup.it\/wp-content\/uploads\/2018\/10\/Consolle_Demistella_art-157-Ettore-Sottsass.jpg 600w, https:\/\/www.upgroup.it\/wp-content\/uploads\/2018\/10\/Consolle_Demistella_art-157-Ettore-Sottsass-300x230.jpg 300w\" sizes=\"auto, (max-width: 600px) 100vw, 600px\" \/><\/div>\n<div class=\"eltdf-pli-text-holder\" >\n\t<div class=\"eltdf-pli-text-wrapper\">\n\t\t<div class=\"eltdf-pli-text\">\n\t\t\t\t<h3 itemprop=\"name\" class=\"eltdf-pli-title entry-title\" style=\"text-transform: uppercase\">\n\t\tDEMISTELLA\t<\/h3>\n\n\t\t\t\t\t<div class=\"eltdf-pli-category-holder\">\n\t\t\t\t\t\t\t<a itemprop=\"url\" class=\"eltdf-pli-category\" href=\"https:\/\/www.upgroup.it\/en\/design-collection-category\/console\/\">Console<\/a>\n\t\t\t\t\t\t\t<a itemprop=\"url\" class=\"eltdf-pli-category\" href=\"https:\/\/www.upgroup.it\/en\/design-collection-category\/ettore-sottsass-designer\/\">Ettore Sottsass<\/a>\n\t\t\t\t\t\t\t<a itemprop=\"url\" class=\"eltdf-pli-category\" href=\"https:\/\/www.upgroup.it\/en\/design-collection-category\/furniture\/\">Furniture<\/a>\n\t\t\t\t\t<\/div>\n\t\n\t\t\t\t\t<\/div>\n\t<\/div>\n<\/div>\n\t\t<a itemprop=\"url\" class=\"eltdf-pli-link eltdf-block-drag-link\" href=\"https:\/\/www.upgroup.it\/en\/design-collection\/demistella\/\" target=\"_self\"><\/a>\n\t<\/div>\n<\/article><article class=\"eltdf-pl-item eltdf-item-space  post-7735 portfolio-item type-portfolio-item status-publish has-post-thumbnail hentry portfolio-category-centerpiece portfolio-category-ettore-sottsass-designer portfolio-category-objects-and-household-items\">\n\t<div class=\"eltdf-pl-item-inner\">\n\t\t<div class=\"eltdf-pli-image\">\n\t<img loading=\"lazy\" decoding=\"async\" width=\"600\" height=\"460\" src=\"https:\/\/www.upgroup.it\/wp-content\/uploads\/2018\/06\/THUMBS-Oggettistica_Diu_Ettore-Sottsass_art.-132.jpg\" class=\"attachment-full size-full wp-post-image\" alt=\"\" srcset=\"https:\/\/www.upgroup.it\/wp-content\/uploads\/2018\/06\/THUMBS-Oggettistica_Diu_Ettore-Sottsass_art.-132.jpg 600w, https:\/\/www.upgroup.it\/wp-content\/uploads\/2018\/06\/THUMBS-Oggettistica_Diu_Ettore-Sottsass_art.-132-300x230.jpg 300w\" sizes=\"auto, (max-width: 600px) 100vw, 600px\" \/><\/div>\n<div class=\"eltdf-pli-text-holder\" >\n\t<div class=\"eltdf-pli-text-wrapper\">\n\t\t<div class=\"eltdf-pli-text\">\n\t\t\t\t<h3 itemprop=\"name\" class=\"eltdf-pli-title entry-title\" style=\"text-transform: uppercase\">\n\t\tDIU\t<\/h3>\n\n\t\t\t\t\t<div class=\"eltdf-pli-category-holder\">\n\t\t\t\t\t\t\t<a itemprop=\"url\" class=\"eltdf-pli-category\" href=\"https:\/\/www.upgroup.it\/en\/design-collection-category\/centerpiece\/\">Centerpiece<\/a>\n\t\t\t\t\t\t\t<a itemprop=\"url\" class=\"eltdf-pli-category\" href=\"https:\/\/www.upgroup.it\/en\/design-collection-category\/ettore-sottsass-designer\/\">Ettore Sottsass<\/a>\n\t\t\t\t\t\t\t<a itemprop=\"url\" class=\"eltdf-pli-category\" href=\"https:\/\/www.upgroup.it\/en\/design-collection-category\/objects-and-household-items\/\">Objects and Household Items<\/a>\n\t\t\t\t\t<\/div>\n\t\n\t\t\t\t\t<\/div>\n\t<\/div>\n<\/div>\n\t\t<a itemprop=\"url\" class=\"eltdf-pli-link eltdf-block-drag-link\" href=\"https:\/\/www.upgroup.it\/en\/design-collection\/diu-marble-vase-ettore-sottsass-design\/\" target=\"_self\"><\/a>\n\t<\/div>\n<\/article><article class=\"eltdf-pl-item eltdf-item-space  post-7745 portfolio-item type-portfolio-item status-publish has-post-thumbnail hentry portfolio-category-centerpiece portfolio-category-ettore-sottsass-designer portfolio-category-objects-and-household-items\">\n\t<div class=\"eltdf-pl-item-inner\">\n\t\t<div class=\"eltdf-pli-image\">\n\t<img loading=\"lazy\" decoding=\"async\" width=\"600\" height=\"460\" src=\"https:\/\/www.upgroup.it\/wp-content\/uploads\/2018\/06\/THUMBS-Oggettistica_Gaya_Ettore-Sottsass_art.-125_.jpg\" class=\"attachment-full size-full wp-post-image\" alt=\"\" srcset=\"https:\/\/www.upgroup.it\/wp-content\/uploads\/2018\/06\/THUMBS-Oggettistica_Gaya_Ettore-Sottsass_art.-125_.jpg 600w, https:\/\/www.upgroup.it\/wp-content\/uploads\/2018\/06\/THUMBS-Oggettistica_Gaya_Ettore-Sottsass_art.-125_-300x230.jpg 300w\" sizes=\"auto, (max-width: 600px) 100vw, 600px\" \/><\/div>\n<div class=\"eltdf-pli-text-holder\" >\n\t<div class=\"eltdf-pli-text-wrapper\">\n\t\t<div class=\"eltdf-pli-text\">\n\t\t\t\t<h3 itemprop=\"name\" class=\"eltdf-pli-title entry-title\" style=\"text-transform: uppercase\">\n\t\tGAYA\t<\/h3>\n\n\t\t\t\t\t<div class=\"eltdf-pli-category-holder\">\n\t\t\t\t\t\t\t<a itemprop=\"url\" class=\"eltdf-pli-category\" href=\"https:\/\/www.upgroup.it\/en\/design-collection-category\/centerpiece\/\">Centerpiece<\/a>\n\t\t\t\t\t\t\t<a itemprop=\"url\" class=\"eltdf-pli-category\" href=\"https:\/\/www.upgroup.it\/en\/design-collection-category\/ettore-sottsass-designer\/\">Ettore Sottsass<\/a>\n\t\t\t\t\t\t\t<a itemprop=\"url\" class=\"eltdf-pli-category\" href=\"https:\/\/www.upgroup.it\/en\/design-collection-category\/objects-and-household-items\/\">Objects and Household Items<\/a>\n\t\t\t\t\t<\/div>\n\t\n\t\t\t\t\t<\/div>\n\t<\/div>\n<\/div>\n\t\t<a itemprop=\"url\" class=\"eltdf-pli-link eltdf-block-drag-link\" href=\"https:\/\/www.upgroup.it\/en\/design-collection\/gaya-marble-vase-centerpiece\/\" target=\"_self\"><\/a>\n\t<\/div>\n<\/article><article class=\"eltdf-pl-item eltdf-item-space  post-7858 portfolio-item type-portfolio-item status-publish has-post-thumbnail hentry portfolio-category-benches portfolio-category-ettore-sottsass-designer portfolio-category-furniture\">\n\t<div class=\"eltdf-pl-item-inner\">\n\t\t<div class=\"eltdf-pli-image\">\n\t<img loading=\"lazy\" decoding=\"async\" width=\"600\" height=\"460\" src=\"https:\/\/www.upgroup.it\/wp-content\/uploads\/2018\/06\/THUMBS-Panche-in-marmo_Hidebarad_Ettore-Sottsass_art.-168.jpg\" class=\"attachment-full size-full wp-post-image\" alt=\"\" srcset=\"https:\/\/www.upgroup.it\/wp-content\/uploads\/2018\/06\/THUMBS-Panche-in-marmo_Hidebarad_Ettore-Sottsass_art.-168.jpg 600w, https:\/\/www.upgroup.it\/wp-content\/uploads\/2018\/06\/THUMBS-Panche-in-marmo_Hidebarad_Ettore-Sottsass_art.-168-300x230.jpg 300w\" sizes=\"auto, (max-width: 600px) 100vw, 600px\" \/><\/div>\n<div class=\"eltdf-pli-text-holder\" >\n\t<div class=\"eltdf-pli-text-wrapper\">\n\t\t<div class=\"eltdf-pli-text\">\n\t\t\t\t<h3 itemprop=\"name\" class=\"eltdf-pli-title entry-title\" style=\"text-transform: uppercase\">\n\t\tHIDEBARAD\t<\/h3>\n\n\t\t\t\t\t<div class=\"eltdf-pli-category-holder\">\n\t\t\t\t\t\t\t<a itemprop=\"url\" class=\"eltdf-pli-category\" href=\"https:\/\/www.upgroup.it\/en\/design-collection-category\/benches\/\">Benches<\/a>\n\t\t\t\t\t\t\t<a itemprop=\"url\" class=\"eltdf-pli-category\" href=\"https:\/\/www.upgroup.it\/en\/design-collection-category\/ettore-sottsass-designer\/\">Ettore Sottsass<\/a>\n\t\t\t\t\t\t\t<a itemprop=\"url\" class=\"eltdf-pli-category\" href=\"https:\/\/www.upgroup.it\/en\/design-collection-category\/furniture\/\">Furniture<\/a>\n\t\t\t\t\t<\/div>\n\t\n\t\t\t\t\t<\/div>\n\t<\/div>\n<\/div>\n\t\t<a itemprop=\"url\" class=\"eltdf-pli-link eltdf-block-drag-link\" href=\"https:\/\/www.upgroup.it\/en\/design-collection\/hidebarad-marble-bench-seat-design-ettore-sottsass\/\" target=\"_self\"><\/a>\n\t<\/div>\n<\/article><article class=\"eltdf-pl-item eltdf-item-space  post-9173 portfolio-item type-portfolio-item status-publish has-post-thumbnail hentry portfolio-category-console portfolio-category-ettore-sottsass-designer portfolio-category-furniture portfolio-category-mirrors\">\n\t<div class=\"eltdf-pl-item-inner\">\n\t\t<div class=\"eltdf-pli-image\">\n\t<img loading=\"lazy\" decoding=\"async\" width=\"600\" height=\"461\" src=\"https:\/\/www.upgroup.it\/wp-content\/uploads\/2018\/11\/Consolles_Damecuta_art.-150-Ettore-Sottsass-marmo.jpg\" class=\"attachment-full size-full wp-post-image\" alt=\"Consolles_Damecuta_art.-150-Ettore-Sottsass-marmo\" srcset=\"https:\/\/www.upgroup.it\/wp-content\/uploads\/2018\/11\/Consolles_Damecuta_art.-150-Ettore-Sottsass-marmo.jpg 600w, https:\/\/www.upgroup.it\/wp-content\/uploads\/2018\/11\/Consolles_Damecuta_art.-150-Ettore-Sottsass-marmo-300x231.jpg 300w\" sizes=\"auto, (max-width: 600px) 100vw, 600px\" \/><\/div>\n<div class=\"eltdf-pli-text-holder\" >\n\t<div class=\"eltdf-pli-text-wrapper\">\n\t\t<div class=\"eltdf-pli-text\">\n\t\t\t\t<h3 itemprop=\"name\" class=\"eltdf-pli-title entry-title\" style=\"text-transform: uppercase\">\n\t\tDAMECUTA\t<\/h3>\n\n\t\t\t\t\t<div class=\"eltdf-pli-category-holder\">\n\t\t\t\t\t\t\t<a itemprop=\"url\" class=\"eltdf-pli-category\" href=\"https:\/\/www.upgroup.it\/en\/design-collection-category\/console\/\">Console<\/a>\n\t\t\t\t\t\t\t<a itemprop=\"url\" class=\"eltdf-pli-category\" href=\"https:\/\/www.upgroup.it\/en\/design-collection-category\/ettore-sottsass-designer\/\">Ettore Sottsass<\/a>\n\t\t\t\t\t\t\t<a itemprop=\"url\" class=\"eltdf-pli-category\" href=\"https:\/\/www.upgroup.it\/en\/design-collection-category\/furniture\/\">Furniture<\/a>\n\t\t\t\t\t\t\t<a itemprop=\"url\" class=\"eltdf-pli-category\" href=\"https:\/\/www.upgroup.it\/en\/design-collection-category\/mirrors\/\">Mirrors<\/a>\n\t\t\t\t\t<\/div>\n\t\n\t\t\t\t\t<\/div>\n\t<\/div>\n<\/div>\n\t\t<a itemprop=\"url\" class=\"eltdf-pli-link eltdf-block-drag-link\" href=\"https:\/\/www.upgroup.it\/en\/design-collection\/damecuta-marble-console-ettore-sottsass\/\" target=\"_self\"><\/a>\n\t<\/div>\n<\/article>\t\t\t<\/div>\n\t\n\t<\/div>[vc_empty_space height=&#8221;150&#8243;][\/vc_column][\/vc_row]<\/p>\n","protected":false},"excerpt":{"rendered":"<p>[vc_row css=&#8221;.vc_custom_1529078881910{margin-top: 90px !important;}&#8221;][vc_column][\/vc_column][\/vc_row][vc_row row_content_width=&#8221;grid&#8221;][vc_column][vc_empty_space height=&#8221;150&#8243;][vc_column_text]&#8221;I get angry when they tell me I&#8217;m an artist; what i really mean is that, I do not get angry but I&#8217;m basically an architect. \u00bb (Masters of design, Bruno Mondadori, 2005). Son of [&hellip;]<\/p>\n","protected":false},"author":7,"featured_media":0,"parent":0,"menu_order":0,"comment_status":"closed","ping_status":"closed","template":"full-width.php","meta":{"footnotes":""},"class_list":["post-8428","page","type-page","status-publish","hentry"],"_links":{"self":[{"href":"https:\/\/www.upgroup.it\/en\/wp-json\/wp\/v2\/pages\/8428","targetHints":{"allow":["GET"]}}],"collection":[{"href":"https:\/\/www.upgroup.it\/en\/wp-json\/wp\/v2\/pages"}],"about":[{"href":"https:\/\/www.upgroup.it\/en\/wp-json\/wp\/v2\/types\/page"}],"author":[{"embeddable":true,"href":"https:\/\/www.upgroup.it\/en\/wp-json\/wp\/v2\/users\/7"}],"replies":[{"embeddable":true,"href":"https:\/\/www.upgroup.it\/en\/wp-json\/wp\/v2\/comments?post=8428"}],"version-history":[{"count":1,"href":"https:\/\/www.upgroup.it\/en\/wp-json\/wp\/v2\/pages\/8428\/revisions"}],"predecessor-version":[{"id":12347,"href":"https:\/\/www.upgroup.it\/en\/wp-json\/wp\/v2\/pages\/8428\/revisions\/12347"}],"wp:attachment":[{"href":"https:\/\/www.upgroup.it\/en\/wp-json\/wp\/v2\/media?parent=8428"}],"curies":[{"name":"wp","href":"https:\/\/api.w.org\/{rel}","templated":true}]}}