{"id":8678,"date":"2018-10-16T13:59:22","date_gmt":"2018-10-16T11:59:22","guid":{"rendered":"http:\/\/upgroup.it\/?page_id=8678"},"modified":"2018-12-18T14:22:34","modified_gmt":"2018-12-18T13:22:34","slug":"philippe-starck-architect-and-designer","status":"publish","type":"page","link":"https:\/\/www.upgroup.it\/en\/philippe-starck-architect-and-designer\/","title":{"rendered":"Philippe Starck"},"content":{"rendered":"<p>[vc_row css=&#8221;.vc_custom_1529078179809{margin-top: 80px !important;}&#8221;][vc_column]<link href=\"https:\/\/fonts.googleapis.com\/css?family=Open+Sans:300\" rel=\"stylesheet\" property=\"stylesheet\" type=\"text\/css\" media=\"all\">\n<div id=\"rev_slider_47_1_wrapper\" class=\"rev_slider_wrapper fullwidthbanner-container\" data-source=\"gallery\" style=\"margin:0px auto;background:transparent;padding:0px;margin-top:0px;margin-bottom:0px;\">\n<!-- START REVOLUTION SLIDER 5.4.8.1 fullwidth mode -->\n\t<div id=\"rev_slider_47_1\" class=\"rev_slider fullwidthabanner\" style=\"display:none;\" data-version=\"5.4.8.1\">\n<ul>\t<!-- SLIDE  -->\n\t<li data-index=\"rs-61\" data-transition=\"fade\" data-slotamount=\"default\" data-hideafterloop=\"0\" data-hideslideonmobile=\"off\"  data-easein=\"default\" data-easeout=\"default\" data-masterspeed=\"300\"  data-thumb=\"https:\/\/www.upgroup.it\/wp-content\/uploads\/2018\/06\/Philippe-Starck-Presentazione-100x50.jpg\"  data-delay=\"3990\"  data-rotate=\"0\"  data-saveperformance=\"off\"  data-title=\"Slide\" data-param1=\"03\" data-param2=\"02\" data-param3=\"\" data-param4=\"\" data-param5=\"\" data-param6=\"\" data-param7=\"\" data-param8=\"\" data-param9=\"\" data-param10=\"\" data-description=\"\">\n\t\t<!-- MAIN IMAGE -->\n\t\t<img loading=\"lazy\" decoding=\"async\" src=\"https:\/\/www.upgroup.it\/wp-content\/uploads\/2018\/06\/Philippe-Starck-Presentazione.jpg\"  alt=\"\" title=\"Philippe-Starck-Presentazione\"  width=\"1920\" height=\"1000\" data-bgposition=\"center center\" data-kenburns=\"on\" data-duration=\"10000\" data-ease=\"Linear.easeNone\" data-scalestart=\"110\" data-scaleend=\"100\" data-rotatestart=\"0\" data-rotateend=\"0\" data-blurstart=\"0\" data-blurend=\"0\" data-offsetstart=\"0 0\" data-offsetend=\"0 0\" class=\"rev-slidebg\" data-no-retina>\n\t\t<!-- LAYERS -->\n\n\t\t<!-- LAYER NR. 1 -->\n\t\t<div class=\"tp-caption   tp-resizeme\" \n\t\t\t id=\"slide-61-layer-1\" \n\t\t\t data-x=\"center\" data-hoffset=\"-310\" \n\t\t\t data-y=\"center\" data-voffset=\"31\" \n\t\t\t\t\t\tdata-width=\"['auto','auto','auto','auto']\"\n\t\t\tdata-height=\"['auto','auto','auto','auto']\"\n \n\t\t\tdata-type=\"text\" \n\t\t\tdata-responsive_offset=\"on\" \n\n\t\t\tdata-frames='[{\"delay\":10,\"speed\":1000,\"frame\":\"0\",\"from\":\"y:50px;opacity:0;\",\"to\":\"o:1;\",\"ease\":\"Power2.easeInOut\"},{\"delay\":\"wait\",\"speed\":300,\"frame\":\"999\",\"to\":\"opacity:0;\",\"ease\":\"Power2.easeInOut\"}]'\n\t\t\tdata-textAlign=\"['inherit','inherit','inherit','inherit']\"\n\t\t\tdata-paddingtop=\"[0,0,0,0]\"\n\t\t\tdata-paddingright=\"[0,0,0,0]\"\n\t\t\tdata-paddingbottom=\"[0,0,0,0]\"\n\t\t\tdata-paddingleft=\"[0,0,0,0]\"\n\n\t\t\tstyle=\"z-index: 5; white-space: nowrap; font-size: 90px; line-height: 100px; font-weight: 300; color: #020202; letter-spacing: 0px;font-family:Open Sans;text-transform:uppercase;\">Philippe Starck <\/div>\n\t<\/li>\n<\/ul>\n<script>var htmlDiv = document.getElementById(\"rs-plugin-settings-inline-css\"); var htmlDivCss=\"\";\n\t\t\t\t\t\tif(htmlDiv) {\n\t\t\t\t\t\t\thtmlDiv.innerHTML = htmlDiv.innerHTML + htmlDivCss;\n\t\t\t\t\t\t}else{\n\t\t\t\t\t\t\tvar htmlDiv = document.createElement(\"div\");\n\t\t\t\t\t\t\thtmlDiv.innerHTML = \"<style>\" + htmlDivCss + \"<\/style>\";\n\t\t\t\t\t\t\tdocument.getElementsByTagName(\"head\")[0].appendChild(htmlDiv.childNodes[0]);\n\t\t\t\t\t\t}\n\t\t\t\t\t<\/script>\n<div class=\"tp-bannertimer tp-bottom\" style=\"visibility: hidden !important;\"><\/div>\t<\/div>\n<script>var htmlDiv = document.getElementById(\"rs-plugin-settings-inline-css\"); var htmlDivCss=\"\";\n\t\t\t\tif(htmlDiv) {\n\t\t\t\t\thtmlDiv.innerHTML = htmlDiv.innerHTML + htmlDivCss;\n\t\t\t\t}else{\n\t\t\t\t\tvar htmlDiv = document.createElement(\"div\");\n\t\t\t\t\thtmlDiv.innerHTML = \"<style>\" + htmlDivCss + \"<\/style>\";\n\t\t\t\t\tdocument.getElementsByTagName(\"head\")[0].appendChild(htmlDiv.childNodes[0]);\n\t\t\t\t}\n\t\t\t<\/script>\n\t\t<script type=\"text\/javascript\">\nif (setREVStartSize!==undefined) setREVStartSize(\n\t{c: '#rev_slider_47_1', gridwidth: [1920], gridheight: [800], sliderLayout: 'fullwidth'});\n\t\t\t\nvar revapi47,\n\ttpj;\t\n(function() {\t\t\t\n\tif (!\/loaded|interactive|complete\/.test(document.readyState)) document.addEventListener(\"DOMContentLoaded\",onLoad); else onLoad();\t\n\tfunction onLoad() {\t\t\t\t\n\t\tif (tpj===undefined) { tpj = jQuery; if(\"off\" == \"on\") tpj.noConflict();}\n\tif(tpj(\"#rev_slider_47_1\").revolution == undefined){\n\t\trevslider_showDoubleJqueryError(\"#rev_slider_47_1\");\n\t}else{\n\t\trevapi47 = tpj(\"#rev_slider_47_1\").show().revolution({\n\t\t\tsliderType:\"standard\",\n\t\t\tjsFileLocation:\"\/\/www.upgroup.it\/wp-content\/plugins\/revslider\/public\/assets\/js\/\",\n\t\t\tsliderLayout:\"fullwidth\",\n\t\t\tdottedOverlay:\"none\",\n\t\t\tdelay:4000,\n\t\t\tnavigation: {\n\t\t\t\tkeyboardNavigation:\"off\",\n\t\t\t\tkeyboard_direction: \"horizontal\",\n\t\t\t\tmouseScrollNavigation:\"off\",\n \t\t\t\t\t\t\tmouseScrollReverse:\"default\",\n\t\t\t\tonHoverStop:\"off\",\n\t\t\t\tbullets: {\n\t\t\t\t\tenable:true,\n\t\t\t\t\thide_onmobile:false,\n\t\t\t\t\tstyle:\"allston-nav\",\n\t\t\t\t\thide_onleave:false,\n\t\t\t\t\tdirection:\"horizontal\",\n\t\t\t\t\th_align:\"right\",\n\t\t\t\t\tv_align:\"bottom\",\n\t\t\t\t\th_offset:15,\n\t\t\t\t\tv_offset:20,\n\t\t\t\t\tspace:5,\n\t\t\t\t\ttmp:'<span class=\"numb-prev-next\"><span class=\"number-first\">{{param2}}<\/span><span class=\"slash\">\/<\/span><span class=\"number-last\">{{param1}}<\/span><\/span>'\n\t\t\t\t}\n\t\t\t},\n\t\t\tvisibilityLevels:[1240,1024,778,480],\n\t\t\tgridwidth:1920,\n\t\t\tgridheight:800,\n\t\t\tlazyType:\"none\",\n\t\t\tshadow:0,\n\t\t\tspinner:\"off\",\n\t\t\tstopLoop:\"off\",\n\t\t\tstopAfterLoops:-1,\n\t\t\tstopAtSlide:-1,\n\t\t\tshuffle:\"off\",\n\t\t\tautoHeight:\"on\",\n\t\t\tdisableProgressBar:\"on\",\n\t\t\thideThumbsOnMobile:\"off\",\n\t\t\thideSliderAtLimit:0,\n\t\t\thideCaptionAtLimit:0,\n\t\t\thideAllCaptionAtLilmit:0,\n\t\t\tdebugMode:false,\n\t\t\tfallbacks: {\n\t\t\t\tsimplifyAll:\"off\",\n\t\t\t\tnextSlideOnWindowFocus:\"off\",\n\t\t\t\tdisableFocusListener:false,\n\t\t\t}\n\t\t});\n\t}; \/* END OF revapi call *\/\n\t\n }; \/* END OF ON LOAD FUNCTION *\/\n}()); \/* END OF WRAPPING FUNCTION *\/\n<\/script>\n\t\t<script>\n\t\t\t\t\tvar htmlDivCss = unescape(\"%23rev_slider_47_1%20.allston-nav.tp-bullets%20%7B%0A%20%20right%3A%20-145px%3B%0A%20%20left%3A%20auto%20%21important%3B%0A%20%20top%3Aauto%20%21important%3B%0A%20%20bottom%3A70px%3B%0A%7D%0A%23rev_slider_47_1%20.allston-nav.tp-bullets%3Abefore%20%7B%0A%09content%3A%22%20%22%3B%0A%09position%3Aabsolute%3B%0A%09width%3A100%25%3B%0A%09height%3A100%25%3B%0A%09background%3Atransparent%3B%0A%09padding%3A10px%3B%0A%09margin-left%3A-10px%3B%0A%20%20%20%20margin-top%3A-10px%3B%0A%09box-sizing%3Acontent-box%3B%0A%20%0A%7D%0A%23rev_slider_47_1%20.allston-nav%20.tp-bullet%20%7B%0A%09width%3A20px%3B%0A%09height%3A20px%3B%0A%09position%3Aabsolute%3B%0A%09background%3A%20transparent%3B%0A%09cursor%3A%20pointer%3B%0A%09box-sizing%3Acontent-box%3B%0A%20%20%20%20visibility%3Ahidden%3B%0A%20%20%20%20left%3A0%20%21important%3B%0A%7D%0A%0A%23rev_slider_47_1%20.allston-nav%20.tp-bullet.selected%20%7B%0A%20%20%20left%3A0%20%21important%3B%0A%7D%0A%0A%0A%23rev_slider_47_1%20.allston-nav%20.tp-bullet%20.numb-prev-next%20%7B%0A%20%20%20%20visibility%3Avisible%3B%0A%20%20%20%20color%3A%23fff%3B%0A%20%20%20%20font-size%3A16px%3B%0A%20%20%20%20letter-spacing%3A%200.06em%3B%0A%20%20%20%20font-weight%3A400%3B%0A%20%20%20%20font-family%3A%20%22Open%20Sans%22%2Csans-serif%3B%0A%20%20%20%20display%3A%20block%3B%0A%20%20%20%20visibility%3Ahidden%3B%0A%20%20%20%20text-align%3Acenter%3B%0A%20%20%20%20width%3A%20105%25%3B%0A%7D%0A%23rev_slider_47_1%20.allston-nav%20.tp-bullet%20.numb-prev-next%20span%20%7B%0A%20%20transform%3Arotate%2890deg%29%3B%0A%20%20-webkit-transform%3Arotate%2890deg%29%3B%0A%20%20-moz-transform%3Arotate%2890deg%29%3B%0A%20%20display%3Ablock%3B%0A%7D%0A%23rev_slider_47_1%20.allston-nav%20.tp-bullet%20.numb-prev-next%20span.number-first%20%7B%0A%09margin-bottom%3A%20-9px%3B%0A%7D%0A%23rev_slider_47_1%20.allston-nav%20.tp-bullet%20.numb-prev-next%20span.number-last%20%7B%0A%09margin-top%3A%20-7px%3B%0A%7D%0A%23rev_slider_47_1%20.allston-nav%20.tp-bullet.selected%20.numb-prev-next%20%7B%0A%20%20%20visibility%3Avisible%3B%0A%7D%0A\");\n\t\t\t\t\tvar htmlDiv = document.getElementById('rs-plugin-settings-inline-css');\n\t\t\t\t\tif(htmlDiv) {\n\t\t\t\t\t\thtmlDiv.innerHTML = htmlDiv.innerHTML + htmlDivCss;\n\t\t\t\t\t}\n\t\t\t\t\telse{\n\t\t\t\t\t\tvar htmlDiv = document.createElement('div');\n\t\t\t\t\t\thtmlDiv.innerHTML = '<style>' + htmlDivCss + '<\/style>';\n\t\t\t\t\t\tdocument.getElementsByTagName('head')[0].appendChild(htmlDiv.childNodes[0]);\n\t\t\t\t\t}\n\t\t\t\t  <\/script>\n\t\t\t\t<\/div><!-- END REVOLUTION SLIDER -->[\/vc_column][\/vc_row][vc_row row_content_width=&#8221;grid&#8221;][vc_column][vc_empty_space height=&#8221;150&#8243;][vc_column_text]He began his career with the production of inflatable furniture in 1968 and will subsequently receive important work assignments. In 1974 he settled in the United States and then returned to Paris two years later. He founded the company Starck Product (1979) to commercialize previous creations. Especially famous is Juicy Salif juicer, designed in 1990 for Alessi and became a &#8220;cult object&#8221;. He currently lives and works in Paris, where he holds the position of professor at the \u00c9cole nationale sup\u00e9rieure des arts d\u00e9coratifs.<\/p>\n<p>[\/vc_column_text][vc_empty_space height=&#8221;150&#8243;][\/vc_column][\/vc_row][vc_row row_content_width=&#8221;grid&#8221;][vc_column]<div class=\"eltdf-portfolio-list-holder eltdf-pl-gallery eltdf-huge-space eltdf-pl-four-columns eltdf-pl-hover-overlay    eltdf-pl-pag-no-pagination       eltdf-info-skin-dark eltdf-info-position-middle\"  data-type=gallery data-number-of-columns=4 data-space-between-items=huge data-number-of-items=-1 data-image-proportions=full data-enable-fixed-proportions=no data-enable-image-shadow=no data-category=philippe-starck data-orderby=date data-order=ASC data-item-style=hover-overlay data-enable-title=yes data-title-tag=h3 data-enable-category=yes data-enable-count-images=no data-info-skin=dark data-info-position=middle data-pagination-type=no-pagination data-filter=no data-filter-order-by=name data-enable-article-animation=no data-portfolio-slider-on=no data-enable-loop=yes data-enable-autoplay=yes data-slider-speed=5000 data-slider-speed-animation=600 data-enable-navigation=yes data-enable-pagination=yes data-max-num-pages=0 data-next-page=2>\n\t\t<div class=\"eltdf-pl-inner eltdf-outer-space  clearfix\">\n\t\t\t\t<article class=\"eltdf-pl-item eltdf-item-space  post-7987 portfolio-item type-portfolio-item status-publish has-post-thumbnail hentry portfolio-category-bathroom-furniture portfolio-category-philippe-starck-architecture-and-interior-design portfolio-category-washbasins\">\n\t<div class=\"eltdf-pl-item-inner\">\n\t\t<div class=\"eltdf-pli-image\">\n\t<img loading=\"lazy\" decoding=\"async\" width=\"600\" height=\"460\" src=\"https:\/\/www.upgroup.it\/wp-content\/uploads\/2018\/06\/THUMBS-Arredobagno_Double-Game_Philip-Stark_art.-8.jpg\" class=\"attachment-full size-full wp-post-image\" alt=\"\" srcset=\"https:\/\/www.upgroup.it\/wp-content\/uploads\/2018\/06\/THUMBS-Arredobagno_Double-Game_Philip-Stark_art.-8.jpg 600w, https:\/\/www.upgroup.it\/wp-content\/uploads\/2018\/06\/THUMBS-Arredobagno_Double-Game_Philip-Stark_art.-8-300x230.jpg 300w\" sizes=\"auto, (max-width: 600px) 100vw, 600px\" \/><\/div>\n<div class=\"eltdf-pli-text-holder\" >\n\t<div class=\"eltdf-pli-text-wrapper\">\n\t\t<div class=\"eltdf-pli-text\">\n\t\t\t\t<h3 itemprop=\"name\" class=\"eltdf-pli-title entry-title\" >\n\t\tDOUBLE GAME\t<\/h3>\n\n\t\t\t\t\t<div class=\"eltdf-pli-category-holder\">\n\t\t\t\t\t\t\t<a itemprop=\"url\" class=\"eltdf-pli-category\" href=\"https:\/\/www.upgroup.it\/en\/design-collection-category\/bathroom-furniture\/\">Bathroom Furniture<\/a>\n\t\t\t\t\t\t\t<a itemprop=\"url\" class=\"eltdf-pli-category\" href=\"https:\/\/www.upgroup.it\/en\/design-collection-category\/philippe-starck-architecture-and-interior-design\/\">Philippe Starck<\/a>\n\t\t\t\t\t\t\t<a itemprop=\"url\" class=\"eltdf-pli-category\" href=\"https:\/\/www.upgroup.it\/en\/design-collection-category\/washbasins\/\">Washbasins<\/a>\n\t\t\t\t\t<\/div>\n\t\n\t\t\t\t\t<\/div>\n\t<\/div>\n<\/div>\n\t\t<a itemprop=\"url\" class=\"eltdf-pli-link eltdf-block-drag-link\" href=\"https:\/\/www.upgroup.it\/en\/design-collection\/double-game-marble-washbasin\/\" target=\"_self\"><\/a>\n\t<\/div>\n<\/article>\t\t\t<\/div>\n\t\n\t<\/div>[vc_empty_space height=&#8221;150&#8243;][\/vc_column][\/vc_row]<\/p>\n","protected":false},"excerpt":{"rendered":"<p>[vc_row css=&#8221;.vc_custom_1529078179809{margin-top: 80px !important;}&#8221;][vc_column][\/vc_column][\/vc_row][vc_row row_content_width=&#8221;grid&#8221;][vc_column][vc_empty_space height=&#8221;150&#8243;][vc_column_text]He began his career with the production of inflatable furniture in 1968 and will subsequently receive important work assignments. In 1974 he settled in the United States and then returned to Paris two years later. [&hellip;]<\/p>\n","protected":false},"author":7,"featured_media":0,"parent":0,"menu_order":0,"comment_status":"closed","ping_status":"closed","template":"full-width.php","meta":{"footnotes":""},"class_list":["post-8678","page","type-page","status-publish","hentry"],"_links":{"self":[{"href":"https:\/\/www.upgroup.it\/en\/wp-json\/wp\/v2\/pages\/8678","targetHints":{"allow":["GET"]}}],"collection":[{"href":"https:\/\/www.upgroup.it\/en\/wp-json\/wp\/v2\/pages"}],"about":[{"href":"https:\/\/www.upgroup.it\/en\/wp-json\/wp\/v2\/types\/page"}],"author":[{"embeddable":true,"href":"https:\/\/www.upgroup.it\/en\/wp-json\/wp\/v2\/users\/7"}],"replies":[{"embeddable":true,"href":"https:\/\/www.upgroup.it\/en\/wp-json\/wp\/v2\/comments?post=8678"}],"version-history":[{"count":0,"href":"https:\/\/www.upgroup.it\/en\/wp-json\/wp\/v2\/pages\/8678\/revisions"}],"wp:attachment":[{"href":"https:\/\/www.upgroup.it\/en\/wp-json\/wp\/v2\/media?parent=8678"}],"curies":[{"name":"wp","href":"https:\/\/api.w.org\/{rel}","templated":true}]}}